{"id":13026,"date":"2020-06-12T02:36:16","date_gmt":"2020-06-12T02:36:16","guid":{"rendered":"http:\/\/demo.zozothemes.com\/import\/uploads-temp\/vework\/?page_id=13026"},"modified":"2021-05-04T21:42:47","modified_gmt":"2021-05-04T21:42:47","slug":"hakkimizda","status":"publish","type":"page","link":"http:\/\/www.kockardeslerhafriyat.com\/?page_id=13026","title":{"rendered":"Hakk\u0131m\u0131zda"},"content":{"rendered":"\t\t<div data-elementor-type=\"wp-page\" data-elementor-id=\"13026\" class=\"elementor elementor-13026\">\n\t\t\t\t\t\t\t\t\t<section class=\"elementor-section elementor-top-section elementor-element elementor-element-56b1d93 elementor-section-content-middle elementor-section-boxed elementor-section-height-default elementor-section-height-default\" data-id=\"56b1d93\" data-element_type=\"section\">\n\t\t\t\t\t\t<div class=\"elementor-container elementor-column-gap-default\">\n\t\t\t\t\t<div class=\"elementor-column elementor-col-50 elementor-top-column elementor-element elementor-element-f10c0f1\" data-id=\"f10c0f1\" data-element_type=\"column\">\n\t\t\t<div class=\"elementor-widget-wrap elementor-element-populated\">\n\t\t\t\t\t\t\t\t<div class=\"elementor-element elementor-element-0a86125 elementor-widget elementor-widget-veworksectiontitle\" data-id=\"0a86125\" data-element_type=\"widget\" data-widget_type=\"veworksectiontitle.default\">\n\t\t\t\t<div class=\"elementor-widget-container\">\n\t\t\t<div class=\"section-title-wrapper margin-bottom-0\"><div class=\"title-wrap\"><span class=\"sub-title\">Bizi Daha \u0130yi Tan\u0131y\u0131n....<\/span><h2 class=\"section-title\">Ko\u00e7 Karde\u015fler Hafriyat<\/h2><\/div><!-- .title-wrap --><div class=\"section-description\">1996 y\u0131l\u0131nda faaliyetlerine ba\u015flam\u0131\u015f olan firmam\u0131z k\u0131sa zamanda Bursa ve \u00e7evresinde kendi sekt\u00f6r\u00fcnde yerini bulmu\u015f ve sundu\u011fu hizmetler ile kendini kan\u0131tlam\u0131\u015ft\u0131r. Y\u0131llar\u0131n verdi\u011fi tecr\u00fcbe ile filosunu daima yenilemi\u015f ve geli\u015fmekte olan teknolojik yenilemelere ayak uydurmu\u015ftur.<\/div><!-- .section-description --><\/div><!-- .section-title-wrapper -->\t\t<\/div>\n\t\t\t\t<\/div>\n\t\t\t\t<section class=\"elementor-section elementor-inner-section elementor-element elementor-element-e0c309d elementor-section-boxed elementor-section-height-default elementor-section-height-default\" data-id=\"e0c309d\" data-element_type=\"section\">\n\t\t\t\t\t\t<div class=\"elementor-container elementor-column-gap-default\">\n\t\t\t\t\t<div class=\"elementor-column elementor-col-33 elementor-inner-column elementor-element elementor-element-f54cfc9\" data-id=\"f54cfc9\" data-element_type=\"column\">\n\t\t\t<div class=\"elementor-widget-wrap elementor-element-populated\">\n\t\t\t\t\t\t\t\t<div class=\"elementor-element elementor-element-64c06e4 elementor-widget elementor-widget-veworkiconlist\" data-id=\"64c06e4\" data-element_type=\"widget\" data-widget_type=\"veworkiconlist.default\">\n\t\t\t\t<div class=\"elementor-widget-container\">\n\t\t\t<div class=\"icon-list-wrapper\"><ul class=\"nav flex-column vertical-icon-list\"><li class=\"icon-parent\"><span class=\" icon-theme-color ti-arrow-right\"><\/span>Kaliteli Hizmet<\/li><li class=\"icon-parent\"><span class=\" icon-theme-color ti-arrow-right\"><\/span>Zaman\u0131nda Teslim<\/li><\/ul><\/div><!-- .icon-list-wrapper -->\t\t<\/div>\n\t\t\t\t<\/div>\n\t\t\t\t\t<\/div>\n\t\t<\/div>\n\t\t\t\t<div class=\"elementor-column elementor-col-33 elementor-inner-column elementor-element elementor-element-1368ed7\" data-id=\"1368ed7\" data-element_type=\"column\">\n\t\t\t<div class=\"elementor-widget-wrap elementor-element-populated\">\n\t\t\t\t\t\t\t\t<div class=\"elementor-element elementor-element-0e29265 elementor-widget elementor-widget-veworkiconlist\" data-id=\"0e29265\" data-element_type=\"widget\" data-widget_type=\"veworkiconlist.default\">\n\t\t\t\t<div class=\"elementor-widget-container\">\n\t\t\t<div class=\"icon-list-wrapper\"><ul class=\"nav flex-column vertical-icon-list\"><li class=\"icon-parent\"><span class=\" icon-theme-color ti-arrow-right\"><\/span>Uzman  Ekip<\/li><\/ul><\/div><!-- .icon-list-wrapper -->\t\t<\/div>\n\t\t\t\t<\/div>\n\t\t\t\t\t<\/div>\n\t\t<\/div>\n\t\t\t\t<div class=\"elementor-column elementor-col-33 elementor-inner-column elementor-element elementor-element-3d43e5a\" data-id=\"3d43e5a\" data-element_type=\"column\">\n\t\t\t<div class=\"elementor-widget-wrap\">\n\t\t\t\t\t\t\t\t\t<\/div>\n\t\t<\/div>\n\t\t\t\t\t\t\t<\/div>\n\t\t<\/section>\n\t\t\t\t<div class=\"elementor-element elementor-element-05c8f8b elementor-widget elementor-widget-button\" data-id=\"05c8f8b\" data-element_type=\"widget\" data-widget_type=\"button.default\">\n\t\t\t\t<div class=\"elementor-widget-container\">\n\t\t\t\t\t<div class=\"elementor-button-wrapper\">\n\t\t\t<a href=\"http:\/\/www.kockardeslerhafriyat.com\/iletisim\" class=\"elementor-button-link elementor-button elementor-size-sm\" role=\"button\">\n\t\t\t\t\t\t<span class=\"elementor-button-content-wrapper\">\n\t\t\t\t\t\t<span class=\"elementor-button-text\">\u0130leti\u015fim Bilgileri<\/span>\n\t\t<\/span>\n\t\t\t\t\t<\/a>\n\t\t<\/div>\n\t\t\t\t<\/div>\n\t\t\t\t<\/div>\n\t\t\t\t\t<\/div>\n\t\t<\/div>\n\t\t\t\t<div class=\"elementor-column elementor-col-50 elementor-top-column elementor-element elementor-element-06fd25b\" data-id=\"06fd25b\" data-element_type=\"column\">\n\t\t\t<div class=\"elementor-widget-wrap elementor-element-populated\">\n\t\t\t\t\t\t\t\t<div class=\"elementor-element elementor-element-cbfd00b before-pattern elementor-widget elementor-widget-image\" data-id=\"cbfd00b\" data-element_type=\"widget\" data-widget_type=\"image.default\">\n\t\t\t\t<div class=\"elementor-widget-container\">\n\t\t\t\t\t\t\t\t\t\t\t\t\t\t\t<img width=\"600\" height=\"641\" src=\"http:\/\/www.kockardeslerhafriyat.com\/wp-content\/uploads\/2020\/08\/side-8-1.jpg\" class=\"attachment-large size-large\" alt=\"\" loading=\"lazy\" \/>\t\t\t\t\t\t\t\t\t\t\t\t\t\t\t<\/div>\n\t\t\t\t<\/div>\n\t\t\t\t<div class=\"elementor-element elementor-element-48053c6 elementor-widget elementor-widget-image\" data-id=\"48053c6\" data-element_type=\"widget\" data-widget_type=\"image.default\">\n\t\t\t\t<div class=\"elementor-widget-container\">\n\t\t\t\t\t\t\t\t\t\t\t\t\t\t\t<img width=\"600\" height=\"418\" src=\"http:\/\/www.kockardeslerhafriyat.com\/wp-content\/uploads\/2020\/08\/side-9-1.jpg\" class=\"attachment-large size-large\" alt=\"\" loading=\"lazy\" \/>\t\t\t\t\t\t\t\t\t\t\t\t\t\t\t<\/div>\n\t\t\t\t<\/div>\n\t\t\t\t\t<\/div>\n\t\t<\/div>\n\t\t\t\t\t\t\t<\/div>\n\t\t<\/section>\n\t\t\t\t<section class=\"elementor-section elementor-top-section elementor-element elementor-element-4d919e9 elementor-section-boxed elementor-section-height-default elementor-section-height-default\" data-id=\"4d919e9\" data-element_type=\"section\" data-settings=\"{&quot;background_background&quot;:&quot;classic&quot;}\">\n\t\t\t\t\t\t\t<div class=\"elementor-background-overlay\"><\/div>\n\t\t\t\t\t\t\t<div class=\"elementor-container elementor-column-gap-default\">\n\t\t\t\t\t<div class=\"elementor-column elementor-col-100 elementor-top-column elementor-element elementor-element-5753c34\" data-id=\"5753c34\" data-element_type=\"column\">\n\t\t\t<div class=\"elementor-widget-wrap elementor-element-populated\">\n\t\t\t\t\t\t\t\t<section class=\"elementor-section elementor-inner-section elementor-element elementor-element-19ace1e elementor-section-boxed elementor-section-height-default elementor-section-height-default\" data-id=\"19ace1e\" data-element_type=\"section\" data-settings=\"{&quot;background_background&quot;:&quot;classic&quot;}\">\n\t\t\t\t\t\t<div class=\"elementor-container elementor-column-gap-default\">\n\t\t\t\t\t<div class=\"elementor-column elementor-col-25 elementor-inner-column elementor-element elementor-element-798545f\" data-id=\"798545f\" data-element_type=\"column\">\n\t\t\t<div class=\"elementor-widget-wrap elementor-element-populated\">\n\t\t\t\t\t\t\t\t<div class=\"elementor-element elementor-element-9088619 elementor-widget elementor-widget-veworkcounter\" data-id=\"9088619\" data-element_type=\"widget\" data-widget_type=\"veworkcounter.default\">\n\t\t\t\t<div class=\"elementor-widget-container\">\n\t\t\t<div class=\"counter-wrapper margin-bottom-0 counter-style-classic-pro\" data-css=\"&quot;&quot;\"><div class=\"media\"><div class=\"counter-left mr-3\"><div class=\"counter-image\"><img loading=\"lazy\" class=\"img-fluid\" src=\"http:\/\/www.kockardeslerhafriyat.com\/wp-content\/uploads\/2020\/07\/check-list-1.png\" width=\"60\" height=\"60\" alt=\"\" \/><\/div><!-- .counter-image --><\/div><!-- .counter-left --><div class=\"media-body counter-right\"><div class=\"counter-value\"><h3><span class=\"counter-up\" data-count=\"300\" data-duration=\"2000\">0<\/span><span class=\"counter-suffix\">+<\/span><\/h3><\/div><!-- .counter-value --><div class=\"counter-title\"><h6 class=\"counter-title-head\">Projeler<\/h6><\/div><!-- .counter-title --><\/div><!-- .counter-right --><\/div><!-- .media --><\/div><!-- .counter-wrapper -->\t\t<\/div>\n\t\t\t\t<\/div>\n\t\t\t\t\t<\/div>\n\t\t<\/div>\n\t\t\t\t<div class=\"elementor-column elementor-col-25 elementor-inner-column elementor-element elementor-element-db1778e\" data-id=\"db1778e\" data-element_type=\"column\">\n\t\t\t<div class=\"elementor-widget-wrap elementor-element-populated\">\n\t\t\t\t\t\t\t\t<div class=\"elementor-element elementor-element-4c9e498 elementor-widget elementor-widget-veworkcounter\" data-id=\"4c9e498\" data-element_type=\"widget\" data-widget_type=\"veworkcounter.default\">\n\t\t\t\t<div class=\"elementor-widget-container\">\n\t\t\t<div class=\"counter-wrapper margin-bottom-0 counter-style-classic-pro\" data-css=\"&quot;&quot;\"><div class=\"media\"><div class=\"counter-left mr-3\"><div class=\"counter-image\"><img loading=\"lazy\" class=\"img-fluid\" src=\"http:\/\/www.kockardeslerhafriyat.com\/wp-content\/uploads\/2020\/07\/support-1.png\" width=\"60\" height=\"60\" alt=\"\" \/><\/div><!-- .counter-image --><\/div><!-- .counter-left --><div class=\"media-body counter-right\"><div class=\"counter-value\"><h3><span class=\"counter-up\" data-count=\"1864\" data-duration=\"2000\">0<\/span><span class=\"counter-suffix\">+<\/span><\/h3><\/div><!-- .counter-value --><div class=\"counter-title\"><h6 class=\"counter-title-head\">Mutlu M\u00fcsteri<\/h6><\/div><!-- .counter-title --><\/div><!-- .counter-right --><\/div><!-- .media --><\/div><!-- .counter-wrapper -->\t\t<\/div>\n\t\t\t\t<\/div>\n\t\t\t\t\t<\/div>\n\t\t<\/div>\n\t\t\t\t<div class=\"elementor-column elementor-col-25 elementor-inner-column elementor-element elementor-element-d148426\" data-id=\"d148426\" data-element_type=\"column\">\n\t\t\t<div class=\"elementor-widget-wrap elementor-element-populated\">\n\t\t\t\t\t\t\t\t<div class=\"elementor-element elementor-element-d14b12e elementor-widget elementor-widget-veworkcounter\" data-id=\"d14b12e\" data-element_type=\"widget\" data-widget_type=\"veworkcounter.default\">\n\t\t\t\t<div class=\"elementor-widget-container\">\n\t\t\t<div class=\"counter-wrapper margin-bottom-0 counter-style-classic-pro\" data-css=\"&quot;&quot;\"><div class=\"media\"><div class=\"counter-left mr-3\"><div class=\"counter-image\"><img loading=\"lazy\" class=\"img-fluid\" src=\"http:\/\/www.kockardeslerhafriyat.com\/wp-content\/uploads\/2020\/08\/trophy-1.png\" width=\"60\" height=\"60\" alt=\"\" \/><\/div><!-- .counter-image --><\/div><!-- .counter-left --><div class=\"media-body counter-right\"><div class=\"counter-value\"><h3><span class=\"counter-up\" data-count=\"150\" data-duration=\"2000\">0<\/span><span class=\"counter-suffix\">+<\/span><\/h3><\/div><!-- .counter-value --><div class=\"counter-title\"><h6 class=\"counter-title-head\">Biten Projeler<\/h6><\/div><!-- .counter-title --><\/div><!-- .counter-right --><\/div><!-- .media --><\/div><!-- .counter-wrapper -->\t\t<\/div>\n\t\t\t\t<\/div>\n\t\t\t\t\t<\/div>\n\t\t<\/div>\n\t\t\t\t<div class=\"elementor-column elementor-col-25 elementor-inner-column elementor-element elementor-element-1832bd5\" data-id=\"1832bd5\" data-element_type=\"column\">\n\t\t\t<div class=\"elementor-widget-wrap elementor-element-populated\">\n\t\t\t\t\t\t\t\t<div class=\"elementor-element elementor-element-5f3cbcc elementor-widget elementor-widget-veworkcounter\" data-id=\"5f3cbcc\" data-element_type=\"widget\" data-widget_type=\"veworkcounter.default\">\n\t\t\t\t<div class=\"elementor-widget-container\">\n\t\t\t<div class=\"counter-wrapper margin-bottom-0 counter-style-classic-pro\" data-css=\"&quot;&quot;\"><div class=\"media\"><div class=\"counter-left mr-3\"><div class=\"counter-image\"><img loading=\"lazy\" class=\"img-fluid\" src=\"http:\/\/www.kockardeslerhafriyat.com\/wp-content\/uploads\/2020\/08\/team-1.png\" width=\"60\" height=\"60\" alt=\"\" \/><\/div><!-- .counter-image --><\/div><!-- .counter-left --><div class=\"media-body counter-right\"><div class=\"counter-value\"><h3><span class=\"counter-up\" data-count=\"50\" data-duration=\"2000\">0<\/span><span class=\"counter-suffix\">+<\/span><\/h3><\/div><!-- .counter-value --><div class=\"counter-title\"><h6 class=\"counter-title-head\">Uzman Personel<\/h6><\/div><!-- .counter-title --><\/div><!-- .counter-right --><\/div><!-- .media --><\/div><!-- .counter-wrapper -->\t\t<\/div>\n\t\t\t\t<\/div>\n\t\t\t\t\t<\/div>\n\t\t<\/div>\n\t\t\t\t\t\t\t<\/div>\n\t\t<\/section>\n\t\t\t\t\t<\/div>\n\t\t<\/div>\n\t\t\t\t\t\t\t<\/div>\n\t\t<\/section>\n\t\t\t\t\t\t\t<\/div>\n\t\t","protected":false},"excerpt":{"rendered":"<p>Bizi Daha \u0130yi Tan\u0131y\u0131n&#8230;. Ko\u00e7 Karde\u015fler Hafriyat 1996 y\u0131l\u0131nda faaliyetlerine ba\u015flam\u0131\u015f olan firmam\u0131z k\u0131sa zamanda Bursa ve \u00e7evresinde kendi sekt\u00f6r\u00fcnde yerini bulmu\u015f ve sundu\u011fu hizmetler ile kendini kan\u0131tlam\u0131\u015ft\u0131r. Y\u0131llar\u0131n verdi\u011fi tecr\u00fcbe ile filosunu daima yenilemi\u015f ve geli\u015fmekte olan teknolojik yenilemelere ayak uydurmu\u015ftur. Kaliteli Hizmet Zaman\u0131nda Teslim Uzman Ekip \u0130leti\u015fim Bilgileri 0+ Projeler 0+ Mutlu M\u00fcsteri<\/p>\n","protected":false},"author":1,"featured_media":0,"parent":0,"menu_order":0,"comment_status":"closed","ping_status":"closed","template":"","meta":[],"_links":{"self":[{"href":"http:\/\/www.kockardeslerhafriyat.com\/index.php?rest_route=\/wp\/v2\/pages\/13026"}],"collection":[{"href":"http:\/\/www.kockardeslerhafriyat.com\/index.php?rest_route=\/wp\/v2\/pages"}],"about":[{"href":"http:\/\/www.kockardeslerhafriyat.com\/index.php?rest_route=\/wp\/v2\/types\/page"}],"author":[{"embeddable":true,"href":"http:\/\/www.kockardeslerhafriyat.com\/index.php?rest_route=\/wp\/v2\/users\/1"}],"replies":[{"embeddable":true,"href":"http:\/\/www.kockardeslerhafriyat.com\/index.php?rest_route=%2Fwp%2Fv2%2Fcomments&post=13026"}],"version-history":[{"count":4,"href":"http:\/\/www.kockardeslerhafriyat.com\/index.php?rest_route=\/wp\/v2\/pages\/13026\/revisions"}],"predecessor-version":[{"id":14873,"href":"http:\/\/www.kockardeslerhafriyat.com\/index.php?rest_route=\/wp\/v2\/pages\/13026\/revisions\/14873"}],"wp:attachment":[{"href":"http:\/\/www.kockardeslerhafriyat.com\/index.php?rest_route=%2Fwp%2Fv2%2Fmedia&parent=13026"}],"curies":[{"name":"wp","href":"https:\/\/api.w.org\/{rel}","templated":true}]}}