{"id":13229,"date":"2020-06-15T06:26:21","date_gmt":"2020-06-15T06:26:21","guid":{"rendered":"http:\/\/demo.zozothemes.com\/import\/uploads-temp\/vework\/?page_id=13229"},"modified":"2021-05-04T22:17:29","modified_gmt":"2021-05-04T22:17:29","slug":"makina-parkuru","status":"publish","type":"page","link":"http:\/\/www.kockardeslerhafriyat.com\/?page_id=13229","title":{"rendered":"Makina Parkuru"},"content":{"rendered":"\t\t<div data-elementor-type=\"wp-page\" data-elementor-id=\"13229\" class=\"elementor elementor-13229\">\n\t\t\t\t\t\t\t\t\t<section class=\"elementor-section elementor-top-section elementor-element elementor-element-b116a99 elementor-section-boxed elementor-section-height-default elementor-section-height-default\" data-id=\"b116a99\" data-element_type=\"section\">\n\t\t\t\t\t\t<div class=\"elementor-container elementor-column-gap-default\">\n\t\t\t\t\t<div class=\"elementor-column elementor-col-100 elementor-top-column elementor-element elementor-element-c426f61\" data-id=\"c426f61\" data-element_type=\"column\">\n\t\t\t<div class=\"elementor-widget-wrap elementor-element-populated\">\n\t\t\t\t\t\t\t\t<div class=\"elementor-element elementor-element-01bc7d7 elementor-widget elementor-widget-veworkportfolio\" data-id=\"01bc7d7\" data-element_type=\"widget\" data-widget_type=\"veworkportfolio.default\">\n\t\t\t\t\r\n\t\t<div class=\"elementor-widget-container portfolio-wrapper image-gallery 4 portfolio-style-classic portfolio-light portfolio-normal-model shortcode-rand-1 vework-inline-css\" data-css=\"&quot;.shortcode-rand-1.portfolio-wrapper .portfolio-inner &gt; *:nth-child(1) { margin-bottom: 20px; }.shortcode-rand-1.portfolio-wrapper .portfolio-inner &gt; *:nth-child(2) { margin-bottom: 0px; }.shortcode-rand-1.portfolio-wrapper .portfolio-inner &gt; *:nth-child(3) { margin-bottom: 0px; }&quot;\">\r\n\t\t\r\n\t\t\t\t\t\t\r\n\t\t<\/div>\r\n\t\t\t\t<\/div>\n\t\t\t\t\t<\/div>\n\t\t<\/div>\n\t\t\t\t\t\t\t<\/div>\n\t\t<\/section>\n\t\t\t\t\t\t\t<\/div>\n\t\t","protected":false},"excerpt":{"rendered":"<p>Kaz\u0131c\u0131 Y\u00fckleyici (Beko Loder)<\/p>\n","protected":false},"author":1,"featured_media":0,"parent":0,"menu_order":0,"comment_status":"closed","ping_status":"closed","template":"","meta":[],"_links":{"self":[{"href":"http:\/\/www.kockardeslerhafriyat.com\/index.php?rest_route=\/wp\/v2\/pages\/13229"}],"collection":[{"href":"http:\/\/www.kockardeslerhafriyat.com\/index.php?rest_route=\/wp\/v2\/pages"}],"about":[{"href":"http:\/\/www.kockardeslerhafriyat.com\/index.php?rest_route=\/wp\/v2\/types\/page"}],"author":[{"embeddable":true,"href":"http:\/\/www.kockardeslerhafriyat.com\/index.php?rest_route=\/wp\/v2\/users\/1"}],"replies":[{"embeddable":true,"href":"http:\/\/www.kockardeslerhafriyat.com\/index.php?rest_route=%2Fwp%2Fv2%2Fcomments&post=13229"}],"version-history":[{"count":20,"href":"http:\/\/www.kockardeslerhafriyat.com\/index.php?rest_route=\/wp\/v2\/pages\/13229\/revisions"}],"predecessor-version":[{"id":14905,"href":"http:\/\/www.kockardeslerhafriyat.com\/index.php?rest_route=\/wp\/v2\/pages\/13229\/revisions\/14905"}],"wp:attachment":[{"href":"http:\/\/www.kockardeslerhafriyat.com\/index.php?rest_route=%2Fwp%2Fv2%2Fmedia&parent=13229"}],"curies":[{"name":"wp","href":"https:\/\/api.w.org\/{rel}","templated":true}]}}