{"id":14753,"date":"2020-10-29T06:02:21","date_gmt":"2020-10-29T06:02:21","guid":{"rendered":"http:\/\/elementor.zozothemes.com\/vework\/?page_id=14753"},"modified":"2022-06-21T11:49:05","modified_gmt":"2022-06-21T11:49:05","slug":"biten-projeler","status":"publish","type":"page","link":"http:\/\/www.kockardeslerhafriyat.com\/?page_id=14753","title":{"rendered":"Biten Projeler"},"content":{"rendered":"\t\t<div data-elementor-type=\"wp-page\" data-elementor-id=\"14753\" class=\"elementor elementor-14753\">\n\t\t\t\t\t\t\t\t\t<section class=\"elementor-section elementor-top-section elementor-element elementor-element-2b1f8b8 elementor-section-boxed elementor-section-height-default elementor-section-height-default\" data-id=\"2b1f8b8\" data-element_type=\"section\">\n\t\t\t\t\t\t<div class=\"elementor-container elementor-column-gap-default\">\n\t\t\t\t\t<div class=\"elementor-column elementor-col-100 elementor-top-column elementor-element elementor-element-97dd340\" data-id=\"97dd340\" data-element_type=\"column\">\n\t\t\t<div class=\"elementor-widget-wrap elementor-element-populated\">\n\t\t\t\t\t\t\t\t<div class=\"elementor-element elementor-element-e8b5b54 elementor-widget elementor-widget-veworkportfolio\" data-id=\"e8b5b54\" data-element_type=\"widget\" data-widget_type=\"veworkportfolio.default\">\n\t\t\t\t\r\n\t\t<div class=\"elementor-widget-container portfolio-wrapper image-gallery portfolio-style-modern portfolio-light portfolio-normal-model\" data-css=\"&quot;&quot;\">\r\n\t\t\r\n\t\t\t<div class=\"row\"><div class=\"col-lg-4 col-md-4\"><div class=\"portfolio-inner\"><div class=\"post-thumb post-overlay-active\"><img loading=\"lazy\" height=\"720\" width=\"768\" class=\"img-fluid\" alt=\"Bilecik Osmaneli Kuba Motor Fabrika Hafriyat\u0131 \u00c7al\u0131\u015fmas\u0131\" src=\"http:\/\/www.kockardeslerhafriyat.com\/wp-content\/uploads\/2022\/06\/WhatsApp-Image-2022-06-21-at-15.10.05-768x720.jpeg\"\/><div class=\"post-overlay-items overlay-center\"><div class=\"portfolio-popup-icon\"><a href=\"#\" data-mfp-src=\"http:\/\/www.kockardeslerhafriyat.com\/wp-content\/uploads\/2022\/06\/WhatsApp-Image-2022-06-21-at-15.10.05.jpeg\" class=\"image-gallery-link zoom-icon\"><i class=\"ti-fullscreen\"><\/i><\/a><\/div><!-- .portfolio-popup-icon --><div class=\"portfolio-link-icon\"><a href=\"http:\/\/www.kockardeslerhafriyat.com\/?vework-portfolio=bilecik-osmaneli-kuba-motor-fabrika-hafriyati-calismasi\" class=\"link-icon\" target=\"_self\"><i class=\"ti-link\"><\/i><\/a><\/div><!-- .portfolio-link-icon --><\/div><\/div><!-- .post-thumb --><div class=\"entry-title\"><h4 class=\"post-title-head\"><a href=\"http:\/\/www.kockardeslerhafriyat.com\/?vework-portfolio=bilecik-osmaneli-kuba-motor-fabrika-hafriyati-calismasi\" class=\"post-title\">Bilecik Osmaneli Kuba Motor Fabrika Hafriyat\u0131 \u00c7al\u0131\u015fmas\u0131<\/a><\/h4><\/div><!-- .entry-title --><\/div><!-- .portfolio-inner --><\/div><!-- .col \/ .owl-carousel-item \/ .isotope --><div class=\"col-lg-4 col-md-4\"><div class=\"portfolio-inner\"><div class=\"post-thumb post-overlay-active\"><img loading=\"lazy\" height=\"720\" width=\"768\" class=\"img-fluid\" alt=\"Ayd\u0131n \u00e7ine Yol \u00c7al\u0131\u015fmas\u0131\" src=\"http:\/\/www.kockardeslerhafriyat.com\/wp-content\/uploads\/2022\/06\/WhatsApp-Image-2022-06-21-at-15.02.03-1-768x720.jpeg\"\/><div class=\"post-overlay-items overlay-center\"><div class=\"portfolio-popup-icon\"><a href=\"#\" data-mfp-src=\"http:\/\/www.kockardeslerhafriyat.com\/wp-content\/uploads\/2022\/06\/WhatsApp-Image-2022-06-21-at-15.02.03-1.jpeg\" class=\"image-gallery-link zoom-icon\"><i class=\"ti-fullscreen\"><\/i><\/a><\/div><!-- .portfolio-popup-icon --><div class=\"portfolio-link-icon\"><a href=\"http:\/\/www.kockardeslerhafriyat.com\/?vework-portfolio=aydin-cine-yol-calismasi\" class=\"link-icon\" target=\"_self\"><i class=\"ti-link\"><\/i><\/a><\/div><!-- .portfolio-link-icon --><\/div><\/div><!-- .post-thumb --><div class=\"entry-title\"><h4 class=\"post-title-head\"><a href=\"http:\/\/www.kockardeslerhafriyat.com\/?vework-portfolio=aydin-cine-yol-calismasi\" class=\"post-title\">Ayd\u0131n \u00e7ine Yol \u00c7al\u0131\u015fmas\u0131<\/a><\/h4><\/div><!-- .entry-title --><\/div><!-- .portfolio-inner --><\/div><!-- .col \/ .owl-carousel-item \/ .isotope --><div class=\"col-lg-4 col-md-4\"><div class=\"portfolio-inner\"><div class=\"post-thumb post-overlay-active\"><img loading=\"lazy\" height=\"720\" width=\"768\" class=\"img-fluid\" alt=\"Bursa Buy\u00fck\u015fehir Belediyesi Kestel  Yol Harhiyat\u0131\" src=\"http:\/\/www.kockardeslerhafriyat.com\/wp-content\/uploads\/2022\/06\/WhatsApp-Image-2022-06-21-at-14.45.05-768x720.jpeg\"\/><div class=\"post-overlay-items overlay-center\"><div class=\"portfolio-popup-icon\"><a href=\"#\" data-mfp-src=\"http:\/\/www.kockardeslerhafriyat.com\/wp-content\/uploads\/2022\/06\/WhatsApp-Image-2022-06-21-at-14.45.05.jpeg\" class=\"image-gallery-link zoom-icon\"><i class=\"ti-fullscreen\"><\/i><\/a><\/div><!-- .portfolio-popup-icon --><div class=\"portfolio-link-icon\"><a href=\"http:\/\/www.kockardeslerhafriyat.com\/?vework-portfolio=bursa-buyuksehir-belediyesi-kestel-yol-harhiyati\" class=\"link-icon\" target=\"_self\"><i class=\"ti-link\"><\/i><\/a><\/div><!-- .portfolio-link-icon --><\/div><\/div><!-- .post-thumb --><div class=\"entry-title\"><h4 class=\"post-title-head\"><a href=\"http:\/\/www.kockardeslerhafriyat.com\/?vework-portfolio=bursa-buyuksehir-belediyesi-kestel-yol-harhiyati\" class=\"post-title\">Bursa Buy\u00fck\u015fehir Belediyesi Kestel  Yol Harhiyat\u0131<\/a><\/h4><\/div><!-- .entry-title --><\/div><!-- .portfolio-inner --><\/div><!-- .col \/ .owl-carousel-item \/ .isotope --><\/div><!-- .row -->\t\t\t\r\n\t\t<\/div>\r\n\t\t\t\t<\/div>\n\t\t\t\t\t<\/div>\n\t\t<\/div>\n\t\t\t\t\t\t\t<\/div>\n\t\t<\/section>\n\t\t\t\t\t\t\t<\/div>\n\t\t","protected":false},"excerpt":{"rendered":"<p>Bursa Buy\u00fck\u015fehir Belediyesi Kestel Yol Harhiyat\u0131<\/p>\n","protected":false},"author":1,"featured_media":0,"parent":0,"menu_order":0,"comment_status":"closed","ping_status":"closed","template":"","meta":[],"_links":{"self":[{"href":"http:\/\/www.kockardeslerhafriyat.com\/index.php?rest_route=\/wp\/v2\/pages\/14753"}],"collection":[{"href":"http:\/\/www.kockardeslerhafriyat.com\/index.php?rest_route=\/wp\/v2\/pages"}],"about":[{"href":"http:\/\/www.kockardeslerhafriyat.com\/index.php?rest_route=\/wp\/v2\/types\/page"}],"author":[{"embeddable":true,"href":"http:\/\/www.kockardeslerhafriyat.com\/index.php?rest_route=\/wp\/v2\/users\/1"}],"replies":[{"embeddable":true,"href":"http:\/\/www.kockardeslerhafriyat.com\/index.php?rest_route=%2Fwp%2Fv2%2Fcomments&post=14753"}],"version-history":[{"count":10,"href":"http:\/\/www.kockardeslerhafriyat.com\/index.php?rest_route=\/wp\/v2\/pages\/14753\/revisions"}],"predecessor-version":[{"id":15133,"href":"http:\/\/www.kockardeslerhafriyat.com\/index.php?rest_route=\/wp\/v2\/pages\/14753\/revisions\/15133"}],"wp:attachment":[{"href":"http:\/\/www.kockardeslerhafriyat.com\/index.php?rest_route=%2Fwp%2Fv2%2Fmedia&parent=14753"}],"curies":[{"name":"wp","href":"https:\/\/api.w.org\/{rel}","templated":true}]}}