{"id":28,"date":"2020-06-10T10:32:14","date_gmt":"2020-06-10T10:32:14","guid":{"rendered":"http:\/\/demo.zozothemes.com\/import\/uploads-temp\/vework\/?page_id=28"},"modified":"2021-05-08T12:59:44","modified_gmt":"2021-05-08T12:59:44","slug":"anasayfa","status":"publish","type":"page","link":"http:\/\/www.kockardeslerhafriyat.com\/","title":{"rendered":"Anasayfa"},"content":{"rendered":"\t\t<div data-elementor-type=\"wp-page\" data-elementor-id=\"28\" class=\"elementor elementor-28\">\n\t\t\t\t\t\t\t\t\t<section class=\"elementor-section elementor-top-section elementor-element elementor-element-5f7b49af elementor-section-boxed elementor-section-height-default elementor-section-height-default\" data-id=\"5f7b49af\" data-element_type=\"section\">\n\t\t\t\t\t\t<div class=\"elementor-container elementor-column-gap-default\">\n\t\t\t\t\t<div class=\"elementor-column elementor-col-100 elementor-top-column elementor-element elementor-element-1edd33db\" data-id=\"1edd33db\" data-element_type=\"column\">\n\t\t\t<div class=\"elementor-widget-wrap elementor-element-populated\">\n\t\t\t\t\t\t\t\t<section class=\"elementor-section elementor-inner-section elementor-element elementor-element-2a450b95 elementor-section-content-middle elementor-section-boxed elementor-section-height-default elementor-section-height-default\" data-id=\"2a450b95\" data-element_type=\"section\">\n\t\t\t\t\t\t<div class=\"elementor-container elementor-column-gap-default\">\n\t\t\t\t\t<div class=\"elementor-column elementor-col-50 elementor-inner-column elementor-element elementor-element-3f778103\" data-id=\"3f778103\" data-element_type=\"column\">\n\t\t\t<div class=\"elementor-widget-wrap elementor-element-populated\">\n\t\t\t\t\t\t\t\t<div class=\"elementor-element elementor-element-41a54621 af-dot elementor-widget elementor-widget-image\" data-id=\"41a54621\" data-element_type=\"widget\" data-widget_type=\"image.default\">\n\t\t\t\t<div class=\"elementor-widget-container\">\n\t\t\t\t\t\t\t\t\t\t\t\t\t\t\t<img width=\"1170\" height=\"694\" src=\"http:\/\/www.kockardeslerhafriyat.com\/wp-content\/uploads\/2019\/04\/slidere.jpg\" class=\"attachment-full size-full\" alt=\"\" loading=\"lazy\" srcset=\"http:\/\/www.kockardeslerhafriyat.com\/wp-content\/uploads\/2019\/04\/slidere.jpg 1170w, http:\/\/www.kockardeslerhafriyat.com\/wp-content\/uploads\/2019\/04\/slidere-768x456.jpg 768w\" sizes=\"(max-width: 1170px) 100vw, 1170px\" \/>\t\t\t\t\t\t\t\t\t\t\t\t\t\t\t<\/div>\n\t\t\t\t<\/div>\n\t\t\t\t<div class=\"elementor-element elementor-element-16741809 elementor-widget__width-auto elementor-absolute elementor-hidden-phone elementor-widget elementor-widget-veworkfeaturebox\" data-id=\"16741809\" data-element_type=\"widget\" data-settings=\"{&quot;_position&quot;:&quot;absolute&quot;}\" data-widget_type=\"veworkfeaturebox.default\">\n\t\t\t\t<div class=\"elementor-widget-container feature-box-wrapper margin-bottom-0 text-center shortcode-rand-1 vework-inline-css\" data-css=\"&quot;.shortcode-rand-1.feature-box-wrapper .feature-box-inner &gt; *:nth-child(1), .shortcode-rand-1.feature-box-wrapper &gt; .media &gt; .media-body &gt; *:nth-child(1) { margin-bottom: 10px; }.shortcode-rand-1.feature-box-wrapper .feature-box-inner &gt; *:nth-child(2), .shortcode-rand-1.feature-box-wrapper &gt; .media &gt; .media-body &gt; *:nth-child(2) { margin-bottom: 0px; }&quot;\">\r\n\t\t\t<div class=\"feature-box-inner\"><div class=\"feature-box-icon\"><span class=\"text-center icon-theme-color rounded-circle fbox-icon-middle ti-cup\"><\/span><\/div><h4 class=\"feature-box-title\">Ko\u00e7 Karde\u015fler Hafriyat<\/h4><\/div>\t\t<\/div>\r\n\t\t\t\t<\/div>\n\t\t\t\t\t<\/div>\n\t\t<\/div>\n\t\t\t\t<div class=\"elementor-column elementor-col-50 elementor-inner-column elementor-element elementor-element-432074e4 pl-lg-5\" data-id=\"432074e4\" data-element_type=\"column\">\n\t\t\t<div class=\"elementor-widget-wrap elementor-element-populated\">\n\t\t\t\t\t\t\t\t<div class=\"elementor-element elementor-element-e74d300 bf-br elementor-widget__width-auto elementor-widget elementor-widget-text-editor\" data-id=\"e74d300\" data-element_type=\"widget\" data-widget_type=\"text-editor.default\">\n\t\t\t\t<div class=\"elementor-widget-container\">\n\t\t\t\t\t\t\t<h4><span class=\"hgt-tl\">25<\/span><\/h4>\t\t\t\t\t\t<\/div>\n\t\t\t\t<\/div>\n\t\t\t\t<div class=\"elementor-element elementor-element-78dc7a8d elementor-widget elementor-widget-veworksectiontitle\" data-id=\"78dc7a8d\" data-element_type=\"widget\" data-widget_type=\"veworksectiontitle.default\">\n\t\t\t\t<div class=\"elementor-widget-container\">\n\t\t\t<div class=\"section-title-wrapper margin-bottom-0\"><div class=\"title-wrap\"><h2 class=\"section-title\">Y\u0131l\u0131n Deneyimi Ko\u00e7 Karde\u015fler Hafriyat<\/h2><\/div><!-- .title-wrap --><div class=\"section-description\">1996 y\u0131l\u0131nda faaliyetlerine ba\u015flam\u0131\u015f olan firmam\u0131z k\u0131sa zamanda Bursa ve \u00e7evresinde kendi sekt\u00f6r\u00fcnde yerini bulmu\u015f ve sundu\u011fu hizmetler ile kendini kan\u0131tlam\u0131\u015ft\u0131r. Y\u0131llar\u0131n verdi\u011fi tecr\u00fcbe ile filosunu daima yenilemi\u015f ve geli\u015fmekte olan teknolojik yenilemelere ayak uydurmu\u015ftur.<\/div><!-- .section-description --><\/div><!-- .section-title-wrapper -->\t\t<\/div>\n\t\t\t\t<\/div>\n\t\t\t\t<div class=\"elementor-element elementor-element-1641ddb4 default-btn elementor-widget elementor-widget-button\" data-id=\"1641ddb4\" data-element_type=\"widget\" data-widget_type=\"button.default\">\n\t\t\t\t<div class=\"elementor-widget-container\">\n\t\t\t\t\t<div class=\"elementor-button-wrapper\">\n\t\t\t<a href=\"http:\/\/elementor.zozothemes.com\/vework\/about-us\/\" class=\"elementor-button-link elementor-button elementor-size-sm\" role=\"button\">\n\t\t\t\t\t\t<span class=\"elementor-button-content-wrapper\">\n\t\t\t\t\t\t<span class=\"elementor-button-text\">Daha Fazla Bilgi \u0130\u00e7in..<\/span>\n\t\t<\/span>\n\t\t\t\t\t<\/a>\n\t\t<\/div>\n\t\t\t\t<\/div>\n\t\t\t\t<\/div>\n\t\t\t\t\t<\/div>\n\t\t<\/div>\n\t\t\t\t\t\t\t<\/div>\n\t\t<\/section>\n\t\t\t\t\t<\/div>\n\t\t<\/div>\n\t\t\t\t\t\t\t<\/div>\n\t\t<\/section>\n\t\t\t\t<section class=\"elementor-section elementor-top-section elementor-element elementor-element-531de192 elementor-section-boxed elementor-section-height-default elementor-section-height-default\" data-id=\"531de192\" data-element_type=\"section\">\n\t\t\t\t\t\t<div class=\"elementor-container elementor-column-gap-default\">\n\t\t\t\t\t<div class=\"elementor-column elementor-col-100 elementor-top-column elementor-element elementor-element-4a0aeb5a\" data-id=\"4a0aeb5a\" data-element_type=\"column\">\n\t\t\t<div class=\"elementor-widget-wrap elementor-element-populated\">\n\t\t\t\t\t\t\t\t<section class=\"elementor-section elementor-inner-section elementor-element elementor-element-4e0d28b6 elementor-section-boxed elementor-section-height-default elementor-section-height-default\" data-id=\"4e0d28b6\" data-element_type=\"section\" data-settings=\"{&quot;background_background&quot;:&quot;classic&quot;}\">\n\t\t\t\t\t\t\t<div class=\"elementor-background-overlay\"><\/div>\n\t\t\t\t\t\t\t<div class=\"elementor-container elementor-column-gap-default\">\n\t\t\t\t\t<div class=\"elementor-column elementor-col-25 elementor-inner-column elementor-element elementor-element-302dee13\" data-id=\"302dee13\" data-element_type=\"column\">\n\t\t\t<div class=\"elementor-widget-wrap elementor-element-populated\">\n\t\t\t\t\t\t\t\t<div class=\"elementor-element elementor-element-d8926f7 elementor-widget elementor-widget-veworkcounter\" data-id=\"d8926f7\" data-element_type=\"widget\" data-widget_type=\"veworkcounter.default\">\n\t\t\t\t<div class=\"elementor-widget-container\">\n\t\t\t<div class=\"counter-wrapper margin-bottom-0 counter-style-classic-pro\" data-css=\"&quot;&quot;\"><div class=\"media\"><div class=\"counter-left mr-3\"><div class=\"counter-image\"><img loading=\"lazy\" class=\"img-fluid\" src=\"http:\/\/www.kockardeslerhafriyat.com\/wp-content\/uploads\/2020\/07\/check-list-1.png\" width=\"60\" height=\"60\" alt=\"\" \/><\/div><!-- .counter-image --><\/div><!-- .counter-left --><div class=\"media-body counter-right\"><div class=\"counter-value\"><h3><span class=\"counter-up\" data-count=\"300\" data-duration=\"2000\">0<\/span><span class=\"counter-suffix\">+<\/span><\/h3><\/div><!-- .counter-value --><div class=\"counter-title\"><h6 class=\"counter-title-head\">Projelerimiz<\/h6><\/div><!-- .counter-title --><\/div><!-- .counter-right --><\/div><!-- .media --><\/div><!-- .counter-wrapper -->\t\t<\/div>\n\t\t\t\t<\/div>\n\t\t\t\t\t<\/div>\n\t\t<\/div>\n\t\t\t\t<div class=\"elementor-column elementor-col-25 elementor-inner-column elementor-element elementor-element-6266cbb5\" data-id=\"6266cbb5\" data-element_type=\"column\">\n\t\t\t<div class=\"elementor-widget-wrap elementor-element-populated\">\n\t\t\t\t\t\t\t\t<div class=\"elementor-element elementor-element-26c181ae elementor-widget elementor-widget-veworkcounter\" data-id=\"26c181ae\" data-element_type=\"widget\" data-widget_type=\"veworkcounter.default\">\n\t\t\t\t<div class=\"elementor-widget-container\">\n\t\t\t<div class=\"counter-wrapper margin-bottom-0 counter-style-classic-pro\" data-css=\"&quot;&quot;\"><div class=\"media\"><div class=\"counter-left mr-3\"><div class=\"counter-image\"><img loading=\"lazy\" class=\"img-fluid\" src=\"http:\/\/www.kockardeslerhafriyat.com\/wp-content\/uploads\/2020\/07\/support-1.png\" width=\"60\" height=\"60\" alt=\"\" \/><\/div><!-- .counter-image --><\/div><!-- .counter-left --><div class=\"media-body counter-right\"><div class=\"counter-value\"><h3><span class=\"counter-up\" data-count=\"300\" data-duration=\"2000\">0<\/span><span class=\"counter-suffix\">+<\/span><\/h3><\/div><!-- .counter-value --><div class=\"counter-title\"><h6 class=\"counter-title-head\">Mutlu M\u00fcsteri <\/h6><\/div><!-- .counter-title --><\/div><!-- .counter-right --><\/div><!-- .media --><\/div><!-- .counter-wrapper -->\t\t<\/div>\n\t\t\t\t<\/div>\n\t\t\t\t\t<\/div>\n\t\t<\/div>\n\t\t\t\t<div class=\"elementor-column elementor-col-25 elementor-inner-column elementor-element elementor-element-b9ab90d\" data-id=\"b9ab90d\" data-element_type=\"column\">\n\t\t\t<div class=\"elementor-widget-wrap elementor-element-populated\">\n\t\t\t\t\t\t\t\t<div class=\"elementor-element elementor-element-7b301e21 elementor-widget elementor-widget-veworkcounter\" data-id=\"7b301e21\" data-element_type=\"widget\" data-widget_type=\"veworkcounter.default\">\n\t\t\t\t<div class=\"elementor-widget-container\">\n\t\t\t<div class=\"counter-wrapper margin-bottom-0 counter-style-classic-pro\" data-css=\"&quot;&quot;\"><div class=\"media\"><div class=\"counter-left mr-3\"><div class=\"counter-image\"><img loading=\"lazy\" class=\"img-fluid\" src=\"http:\/\/www.kockardeslerhafriyat.com\/wp-content\/uploads\/2020\/08\/trophy-1.png\" width=\"60\" height=\"60\" alt=\"\" \/><\/div><!-- .counter-image --><\/div><!-- .counter-left --><div class=\"media-body counter-right\"><div class=\"counter-value\"><h3><span class=\"counter-up\" data-count=\"200\" data-duration=\"2000\">0<\/span><span class=\"counter-suffix\">+<\/span><\/h3><\/div><!-- .counter-value --><div class=\"counter-title\"><h6 class=\"counter-title-head\">Biten  Projelerimiz<\/h6><\/div><!-- .counter-title --><\/div><!-- .counter-right --><\/div><!-- .media --><\/div><!-- .counter-wrapper -->\t\t<\/div>\n\t\t\t\t<\/div>\n\t\t\t\t\t<\/div>\n\t\t<\/div>\n\t\t\t\t<div class=\"elementor-column elementor-col-25 elementor-inner-column elementor-element elementor-element-39a8cdeb\" data-id=\"39a8cdeb\" data-element_type=\"column\">\n\t\t\t<div class=\"elementor-widget-wrap elementor-element-populated\">\n\t\t\t\t\t\t\t\t<div class=\"elementor-element elementor-element-4d499f81 elementor-widget elementor-widget-veworkcounter\" data-id=\"4d499f81\" data-element_type=\"widget\" data-widget_type=\"veworkcounter.default\">\n\t\t\t\t<div class=\"elementor-widget-container\">\n\t\t\t<div class=\"counter-wrapper margin-bottom-0 counter-style-classic-pro\" data-css=\"&quot;&quot;\"><div class=\"media\"><div class=\"counter-left mr-3\"><div class=\"counter-image\"><img loading=\"lazy\" class=\"img-fluid\" src=\"http:\/\/www.kockardeslerhafriyat.com\/wp-content\/uploads\/2020\/08\/team-1.png\" width=\"60\" height=\"60\" alt=\"\" \/><\/div><!-- .counter-image --><\/div><!-- .counter-left --><div class=\"media-body counter-right\"><div class=\"counter-value\"><h3><span class=\"counter-up\" data-count=\"100\" data-duration=\"2000\">0<\/span><span class=\"counter-suffix\">+<\/span><\/h3><\/div><!-- .counter-value --><div class=\"counter-title\"><h6 class=\"counter-title-head\">Uzman  Personal<\/h6><\/div><!-- .counter-title --><\/div><!-- .counter-right --><\/div><!-- .media --><\/div><!-- .counter-wrapper -->\t\t<\/div>\n\t\t\t\t<\/div>\n\t\t\t\t\t<\/div>\n\t\t<\/div>\n\t\t\t\t\t\t\t<\/div>\n\t\t<\/section>\n\t\t\t\t\t<\/div>\n\t\t<\/div>\n\t\t\t\t\t\t\t<\/div>\n\t\t<\/section>\n\t\t\t\t<section class=\"elementor-section elementor-top-section elementor-element elementor-element-745c61c elementor-section-boxed elementor-section-height-default elementor-section-height-default\" data-id=\"745c61c\" data-element_type=\"section\">\n\t\t\t\t\t\t<div class=\"elementor-container elementor-column-gap-default\">\n\t\t\t\t\t<div class=\"elementor-column elementor-col-25 elementor-top-column elementor-element elementor-element-868d378\" data-id=\"868d378\" data-element_type=\"column\">\n\t\t\t<div class=\"elementor-widget-wrap\">\n\t\t\t\t\t\t\t\t\t<\/div>\n\t\t<\/div>\n\t\t\t\t<div class=\"elementor-column elementor-col-50 elementor-top-column elementor-element elementor-element-c86b78f\" data-id=\"c86b78f\" data-element_type=\"column\">\n\t\t\t<div class=\"elementor-widget-wrap elementor-element-populated\">\n\t\t\t\t\t\t\t\t<div class=\"elementor-element elementor-element-586776a0 elementor-widget elementor-widget-veworksectiontitle\" data-id=\"586776a0\" data-element_type=\"widget\" data-widget_type=\"veworksectiontitle.default\">\n\t\t\t\t<div class=\"elementor-widget-container\">\n\t\t\t<div class=\"section-title-wrapper text-center\"><div class=\"title-wrap\"><span class=\"sub-title\">Ko\u00e7 Karde\u015fler Hafriyat<\/span><h2 class=\"section-title\">Hizmetlerimiz<\/h2><\/div><!-- .title-wrap --><div class=\"section-description\"><\/div><!-- .section-description --><\/div><!-- .section-title-wrapper -->\t\t<\/div>\n\t\t\t\t<\/div>\n\t\t\t\t\t<\/div>\n\t\t<\/div>\n\t\t\t\t<div class=\"elementor-column elementor-col-25 elementor-top-column elementor-element elementor-element-ca69a90\" data-id=\"ca69a90\" data-element_type=\"column\">\n\t\t\t<div class=\"elementor-widget-wrap\">\n\t\t\t\t\t\t\t\t\t<\/div>\n\t\t<\/div>\n\t\t\t\t\t\t\t<\/div>\n\t\t<\/section>\n\t\t\t\t<section class=\"elementor-section elementor-top-section elementor-element elementor-element-53ee8f49 elementor-section-boxed elementor-section-height-default elementor-section-height-default\" data-id=\"53ee8f49\" data-element_type=\"section\">\n\t\t\t\t\t\t<div class=\"elementor-container elementor-column-gap-default\">\n\t\t\t\t\t<div class=\"elementor-column elementor-col-100 elementor-top-column elementor-element elementor-element-1b877df7\" data-id=\"1b877df7\" data-element_type=\"column\">\n\t\t\t<div class=\"elementor-widget-wrap elementor-element-populated\">\n\t\t\t\t\t\t\t\t<div class=\"elementor-element elementor-element-739030ea elementor-widget elementor-widget-veworkservice\" data-id=\"739030ea\" data-element_type=\"widget\" data-widget_type=\"veworkservice.default\">\n\t\t\t\t<div class=\"elementor-widget-container\">\n\t\t\t<div class=\"service-wrapper service-modern service-light shortcode-rand-6 vework-inline-css\" data-css=\"&quot;.shortcode-rand-6.service-wrapper .service-inner &gt; *:nth-child(1) { margin-bottom: 0px; }.shortcode-rand-6.service-wrapper .service-inner &gt; *:nth-child(2) { margin-bottom: 35px; }.shortcode-rand-6.service-wrapper .service-inner &gt; *:nth-child(3) { margin-bottom: 0px; }.shortcode-rand-6.service-wrapper .service-inner &gt; *:nth-child(4) { margin-bottom: 15px; }&quot;\"><div class=\"row\"><div class=\"col-lg-3 col-md-6\"><div class=\"service-inner\"><div class=\"service-thumb\"><img width=\"1170\" height=\"694\" src=\"http:\/\/www.kockardeslerhafriyat.com\/wp-content\/uploads\/2019\/04\/slidere.jpg\" class=\"img-fluid wp-post-image\" alt=\"\" loading=\"lazy\" srcset=\"http:\/\/www.kockardeslerhafriyat.com\/wp-content\/uploads\/2019\/04\/slidere.jpg 1170w, http:\/\/www.kockardeslerhafriyat.com\/wp-content\/uploads\/2019\/04\/slidere-768x456.jpg 768w\" sizes=\"(max-width: 1170px) 100vw, 1170px\" \/><\/div><!-- .service-thumb --><div class=\"service-icon-img-wrap\"><img src=\"http:\/\/www.kockardeslerhafriyat.com\/wp-content\/uploads\/2019\/04\/copywriting-cln.png\" class=\"img-fluid service-icon-img\" alt=\"Hafriyat &#038; Nakliyat\" \/><\/div><h6 class=\"service-title\"><a href=\"http:\/\/www.kockardeslerhafriyat.com\/?vework-services=hafriyat-ve-nakliyat\">Hafriyat &#038; Nakliyat<\/a><\/h6><!-- .service-title --><div class=\"post-more\"><a class=\"read-more btn\" href=\"http:\/\/www.kockardeslerhafriyat.com\/?vework-services=hafriyat-ve-nakliyat\">\u0130nceleyiniz<\/a><\/div><\/div><!-- .service-inner --><\/div><!-- .cols --><div class=\"col-lg-3 col-md-6\"><div class=\"service-inner\"><div class=\"service-thumb\"><img width=\"1170\" height=\"694\" src=\"http:\/\/www.kockardeslerhafriyat.com\/wp-content\/uploads\/2019\/04\/ser2-1.jpg\" class=\"img-fluid wp-post-image\" alt=\"\" loading=\"lazy\" srcset=\"http:\/\/www.kockardeslerhafriyat.com\/wp-content\/uploads\/2019\/04\/ser2-1.jpg 1170w, http:\/\/www.kockardeslerhafriyat.com\/wp-content\/uploads\/2019\/04\/ser2-1-768x456.jpg 768w\" sizes=\"(max-width: 1170px) 100vw, 1170px\" \/><\/div><!-- .service-thumb --><div class=\"service-icon-img-wrap\"><img src=\"http:\/\/www.kockardeslerhafriyat.com\/wp-content\/uploads\/2019\/04\/content-writing-cln.png\" class=\"img-fluid service-icon-img\" alt=\"Bina Y\u0131k\u0131m\u0131 ve  K\u0131rma\" \/><\/div><h6 class=\"service-title\"><a href=\"http:\/\/www.kockardeslerhafriyat.com\/?vework-services=bina-yikimi-ve-kirma\">Bina Y\u0131k\u0131m\u0131 ve  K\u0131rma<\/a><\/h6><!-- .service-title --><div class=\"post-more\"><a class=\"read-more btn\" href=\"http:\/\/www.kockardeslerhafriyat.com\/?vework-services=bina-yikimi-ve-kirma\">\u0130nceleyiniz<\/a><\/div><\/div><!-- .service-inner --><\/div><!-- .cols --><div class=\"col-lg-3 col-md-6\"><div class=\"service-inner\"><div class=\"service-thumb\"><img width=\"1170\" height=\"694\" src=\"http:\/\/www.kockardeslerhafriyat.com\/wp-content\/uploads\/2019\/04\/kap.jpg\" class=\"img-fluid wp-post-image\" alt=\"\" loading=\"lazy\" srcset=\"http:\/\/www.kockardeslerhafriyat.com\/wp-content\/uploads\/2019\/04\/kap.jpg 1170w, http:\/\/www.kockardeslerhafriyat.com\/wp-content\/uploads\/2019\/04\/kap-768x456.jpg 768w\" sizes=\"(max-width: 1170px) 100vw, 1170px\" \/><\/div><!-- .service-thumb --><div class=\"service-icon-img-wrap\"><img src=\"http:\/\/www.kockardeslerhafriyat.com\/wp-content\/uploads\/2019\/04\/monitor-cln.png\" class=\"img-fluid service-icon-img\" alt=\"Arazi D\u00fczenlemesi\" \/><\/div><h6 class=\"service-title\"><a href=\"http:\/\/www.kockardeslerhafriyat.com\/?vework-services=arazi-duzenlemesi\">Arazi D\u00fczenlemesi<\/a><\/h6><!-- .service-title --><div class=\"post-more\"><a class=\"read-more btn\" href=\"http:\/\/www.kockardeslerhafriyat.com\/?vework-services=arazi-duzenlemesi\">\u0130nceleyiniz<\/a><\/div><\/div><!-- .service-inner --><\/div><!-- .cols --><div class=\"col-lg-3 col-md-6\"><div class=\"service-inner\"><div class=\"service-thumb\"><img width=\"1170\" height=\"694\" src=\"http:\/\/www.kockardeslerhafriyat.com\/wp-content\/uploads\/2019\/04\/deneme251.jpg\" class=\"img-fluid wp-post-image\" alt=\"\" loading=\"lazy\" srcset=\"http:\/\/www.kockardeslerhafriyat.com\/wp-content\/uploads\/2019\/04\/deneme251.jpg 1170w, http:\/\/www.kockardeslerhafriyat.com\/wp-content\/uploads\/2019\/04\/deneme251-768x456.jpg 768w\" sizes=\"(max-width: 1170px) 100vw, 1170px\" \/><\/div><!-- .service-thumb --><div class=\"service-icon-img-wrap\"><img src=\"http:\/\/www.kockardeslerhafriyat.com\/wp-content\/uploads\/2019\/04\/digital-marketing-cl.png\" class=\"img-fluid service-icon-img\" alt=\"Alt Yap\u0131 Ve Taahh\u00fct \u0130\u015flemleri\" \/><\/div><h6 class=\"service-title\"><a href=\"http:\/\/www.kockardeslerhafriyat.com\/?vework-services=alt-yapi-ve-ust-yapi\">Alt Yap\u0131 Ve Taahh\u00fct \u0130\u015flemleri<\/a><\/h6><!-- .service-title --><div class=\"post-more\"><a class=\"read-more btn\" href=\"http:\/\/www.kockardeslerhafriyat.com\/?vework-services=alt-yapi-ve-ust-yapi\">\u0130nceleyiniz<\/a><\/div><\/div><!-- .service-inner --><\/div><!-- .cols --><\/div><!-- .row --><div class=\"row\"><div class=\"col-lg-3 col-md-6\"><div class=\"service-inner\"><div class=\"service-thumb\"><img width=\"1170\" height=\"694\" src=\"http:\/\/www.kockardeslerhafriyat.com\/wp-content\/uploads\/2019\/04\/ser1.jpg\" class=\"img-fluid wp-post-image\" alt=\"\" loading=\"lazy\" srcset=\"http:\/\/www.kockardeslerhafriyat.com\/wp-content\/uploads\/2019\/04\/ser1.jpg 1170w, http:\/\/www.kockardeslerhafriyat.com\/wp-content\/uploads\/2019\/04\/ser1-768x456.jpg 768w\" sizes=\"(max-width: 1170px) 100vw, 1170px\" \/><\/div><!-- .service-thumb --><div class=\"service-icon-img-wrap\"><img src=\"http:\/\/www.kockardeslerhafriyat.com\/wp-content\/uploads\/2019\/04\/search-cln.png\" class=\"img-fluid service-icon-img\" alt=\"Temel Dolgusu\" \/><\/div><h6 class=\"service-title\"><a href=\"http:\/\/www.kockardeslerhafriyat.com\/?vework-services=temel-dolgusu\">Temel Dolgusu<\/a><\/h6><!-- .service-title --><div class=\"post-more\"><a class=\"read-more btn\" href=\"http:\/\/www.kockardeslerhafriyat.com\/?vework-services=temel-dolgusu\">\u0130nceleyiniz<\/a><\/div><\/div><!-- .service-inner --><\/div><!-- .cols --><div class=\"col-lg-3 col-md-6\"><div class=\"service-inner\"><div class=\"service-thumb\"><img width=\"1170\" height=\"694\" src=\"http:\/\/www.kockardeslerhafriyat.com\/wp-content\/uploads\/2019\/04\/ssss.jpg\" class=\"img-fluid wp-post-image\" alt=\"\" loading=\"lazy\" srcset=\"http:\/\/www.kockardeslerhafriyat.com\/wp-content\/uploads\/2019\/04\/ssss.jpg 1170w, http:\/\/www.kockardeslerhafriyat.com\/wp-content\/uploads\/2019\/04\/ssss-768x456.jpg 768w\" sizes=\"(max-width: 1170px) 100vw, 1170px\" \/><\/div><!-- .service-thumb --><div class=\"service-icon-img-wrap\"><img src=\"http:\/\/www.kockardeslerhafriyat.com\/wp-content\/uploads\/2019\/04\/facebook-cln.png\" class=\"img-fluid service-icon-img\" alt=\"Yol \u0130n\u015faat\u0131 Hafriyat\u0131\" \/><\/div><h6 class=\"service-title\"><a href=\"http:\/\/www.kockardeslerhafriyat.com\/?vework-services=yol-insaati-hafriyati\">Yol \u0130n\u015faat\u0131 Hafriyat\u0131<\/a><\/h6><!-- .service-title --><div class=\"post-more\"><a class=\"read-more btn\" href=\"http:\/\/www.kockardeslerhafriyat.com\/?vework-services=yol-insaati-hafriyati\">\u0130nceleyiniz<\/a><\/div><\/div><!-- .service-inner --><\/div><!-- .cols --><\/div><!-- .row Unexpected row close --><\/div><!-- .service-wrapper -->\t\t<\/div>\n\t\t\t\t<\/div>\n\t\t\t\t\t<\/div>\n\t\t<\/div>\n\t\t\t\t\t\t\t<\/div>\n\t\t<\/section>\n\t\t\t\t\t\t\t<\/div>\n\t\t","protected":false},"excerpt":{"rendered":"<p>Ko\u00e7 Karde\u015fler Hafriyat 25 Y\u0131l\u0131n Deneyimi Ko\u00e7 Karde\u015fler Hafriyat 1996 y\u0131l\u0131nda faaliyetlerine ba\u015flam\u0131\u015f olan firmam\u0131z k\u0131sa zamanda Bursa ve \u00e7evresinde kendi sekt\u00f6r\u00fcnde yerini bulmu\u015f ve sundu\u011fu hizmetler ile kendini kan\u0131tlam\u0131\u015ft\u0131r. Y\u0131llar\u0131n verdi\u011fi tecr\u00fcbe ile filosunu daima yenilemi\u015f ve geli\u015fmekte olan teknolojik yenilemelere ayak uydurmu\u015ftur. Daha Fazla Bilgi \u0130\u00e7in.. 0+ Projelerimiz 0+ Mutlu M\u00fcsteri 0+ Biten<\/p>\n","protected":false},"author":1,"featured_media":0,"parent":0,"menu_order":0,"comment_status":"closed","ping_status":"closed","template":"","meta":[],"_links":{"self":[{"href":"http:\/\/www.kockardeslerhafriyat.com\/index.php?rest_route=\/wp\/v2\/pages\/28"}],"collection":[{"href":"http:\/\/www.kockardeslerhafriyat.com\/index.php?rest_route=\/wp\/v2\/pages"}],"about":[{"href":"http:\/\/www.kockardeslerhafriyat.com\/index.php?rest_route=\/wp\/v2\/types\/page"}],"author":[{"embeddable":true,"href":"http:\/\/www.kockardeslerhafriyat.com\/index.php?rest_route=\/wp\/v2\/users\/1"}],"replies":[{"embeddable":true,"href":"http:\/\/www.kockardeslerhafriyat.com\/index.php?rest_route=%2Fwp%2Fv2%2Fcomments&post=28"}],"version-history":[{"count":49,"href":"http:\/\/www.kockardeslerhafriyat.com\/index.php?rest_route=\/wp\/v2\/pages\/28\/revisions"}],"predecessor-version":[{"id":15115,"href":"http:\/\/www.kockardeslerhafriyat.com\/index.php?rest_route=\/wp\/v2\/pages\/28\/revisions\/15115"}],"wp:attachment":[{"href":"http:\/\/www.kockardeslerhafriyat.com\/index.php?rest_route=%2Fwp%2Fv2%2Fmedia&parent=28"}],"curies":[{"name":"wp","href":"https:\/\/api.w.org\/{rel}","templated":true}]}}